{"id":2,"date":"2015-09-28T17:04:14","date_gmt":"2015-09-28T15:04:14","guid":{"rendered":"http:\/\/www.lutgen.de\/wp\/?page_id=2"},"modified":"2021-04-19T07:46:00","modified_gmt":"2021-04-19T05:46:00","slug":"beispiel-seite","status":"publish","type":"page","link":"https:\/\/www.lutgen.de\/wp\/","title":{"rendered":"Home"},"content":{"rendered":"<p style=\"text-align: right;\"><a href=\"http:\/\/elektroinnung-wuppertal.de\" target=\"_blank\" rel=\"attachment wp-att-110 noopener noreferrer\"><img loading=\"lazy\" decoding=\"async\" class=\"alignnone wp-image-110\" src=\"https:\/\/www.lutgen.de\/wp\/wp-content\/uploads\/2016\/02\/einnungw_logo.jpg\" alt=\"einnungw_logo\" width=\"50\" height=\"45\" \/><\/a>\u00a0\u00a0Mitglied der Elektroinnung Wuppertal<\/p>\n<h4 style=\"text-align: center;\">Willkommen auf unseren Webseiten!<\/h4>\n<p style=\"text-align: center;\">Wir sind ein Elektrotechnik Meisterbetrieb, hervorgegangen aus der\u00a0Elektro-Instandhaltung der Firma Vorwerk Autotec in Wuppertal.<br \/>\nSeitdem sind wir im Hause Vorwerk ans\u00e4ssig.<\/p>\n<h5 style=\"text-align: center;\">Wir planen, beraten und f\u00fchren Elektro-Installationsarbeiten f\u00fcr Sie aus:<\/h5>\n<p style=\"text-align: center;\">\n<table id=\"tablepress-4\" class=\"tablepress tablepress-id-4 home-table\">\n<tbody>\n<tr class=\"row-1\">\n\t<td class=\"column-1\"><img loading=\"lazy\" decoding=\"async\" src=\"http:\/\/www.lutgen.de\/wp\/wp-content\/uploads\/2016\/02\/Startgrafik-1.jpg\" alt=\"Startgrafik-1\" width=\"212\" height=\"119\" class=\"alignnone size-full wp-image-90\" \/><\/td><td class=\"column-2\"><img loading=\"lazy\" decoding=\"async\" src=\"http:\/\/www.lutgen.de\/wp\/wp-content\/uploads\/2016\/02\/Startgrafik-2.jpg\" alt=\"Startgrafik-2\" width=\"212\" height=\"119\" class=\"alignnone size-full wp-image-91\" \/><\/td><td class=\"column-3\"><img loading=\"lazy\" decoding=\"async\" src=\"http:\/\/www.lutgen.de\/wp\/wp-content\/uploads\/2016\/02\/Startgrafik-3.jpg\" alt=\"Startgrafik-3\" width=\"212\" height=\"119\" class=\"alignnone size-full wp-image-92\" \/><\/td><td class=\"column-4\"><img loading=\"lazy\" decoding=\"async\" src=\"http:\/\/www.lutgen.de\/wp\/wp-content\/uploads\/2016\/02\/Startgrafik-4.jpg\" alt=\"Startgrafik-4\" width=\"212\" height=\"119\" class=\"alignnone size-full wp-image-93\" \/><\/td>\n<\/tr>\n<tr class=\"row-2\">\n\t<td class=\"column-1\"><img loading=\"lazy\" decoding=\"async\" src=\"http:\/\/www.lutgen.de\/wp\/wp-content\/uploads\/2016\/02\/Startgrafik-5.jpg\" alt=\"Startgrafik-5\" width=\"212\" height=\"119\" class=\"alignnone size-full wp-image-94\" \/><\/td><td class=\"column-2\"><img loading=\"lazy\" decoding=\"async\" src=\"http:\/\/www.lutgen.de\/wp\/wp-content\/uploads\/2016\/02\/Startgrafik-6.jpg\" alt=\"Startgrafik-6\" width=\"212\" height=\"119\" class=\"alignnone size-full wp-image-95\" \/><\/td><td class=\"column-3\"><img loading=\"lazy\" decoding=\"async\" src=\"http:\/\/www.lutgen.de\/wp\/wp-content\/uploads\/2016\/02\/Startgrafik-7.jpg\" alt=\"Startgrafik-7\" width=\"212\" height=\"119\" class=\"alignnone size-full wp-image-96\" \/><\/td><td class=\"column-4\"><img loading=\"lazy\" decoding=\"async\" src=\"http:\/\/www.lutgen.de\/wp\/wp-content\/uploads\/2016\/02\/Startgrafik-8.jpg\" alt=\"Startgrafik-8\" width=\"212\" height=\"119\" class=\"alignnone size-full wp-image-97\" \/><\/td>\n<\/tr>\n<tr class=\"row-3\">\n\t<td class=\"column-1\"><img loading=\"lazy\" decoding=\"async\" src=\"http:\/\/www.lutgen.de\/wp\/wp-content\/uploads\/2016\/02\/Startgrafik-9.jpg\" alt=\"Startgrafik-9\" width=\"212\" height=\"119\" class=\"alignnone size-full wp-image-98\" \/><\/td><td class=\"column-2\"><img loading=\"lazy\" decoding=\"async\" src=\"http:\/\/www.lutgen.de\/wp\/wp-content\/uploads\/2016\/02\/Startgrafik-10.jpg\" alt=\"Startgrafik-10\" width=\"212\" height=\"119\" class=\"alignnone size-full wp-image-99\" \/><\/td><td class=\"column-3\"><img loading=\"lazy\" decoding=\"async\" src=\"http:\/\/www.lutgen.de\/wp\/wp-content\/uploads\/2016\/02\/Startgrafik-11.jpg\" alt=\"Startgrafik-11\" width=\"212\" height=\"119\" class=\"alignnone size-full wp-image-100\" \/><\/td><td class=\"column-4\"><img loading=\"lazy\" decoding=\"async\" src=\"http:\/\/www.lutgen.de\/wp\/wp-content\/uploads\/2016\/02\/Startgrafik-12.jpg\" alt=\"Startgrafik-12\" width=\"212\" height=\"119\" class=\"alignnone size-full wp-image-101\" \/><\/td>\n<\/tr>\n<\/tbody>\n<\/table>\n<!-- #tablepress-4 from cache --><\/p>\n<h4><\/h4>\n<h4 style=\"text-align: center;\">&#8230; und vieles mehr. \u00a0K\u00f6nnen wir Ihnen helfen? \u00a0 Wir sind gerne f\u00fcr Sie da. Rufen Sie uns an. <a href=\"tel:+4920224609015\">0202 246 09 015<\/a> \u00a0Oder nutzen Sie die <a href=\"?page_id=29\">Kontakt-Seite.<\/a><\/h4>\n","protected":false},"excerpt":{"rendered":"<p>\u00a0\u00a0Mitglied der Elektroinnung Wuppertal Willkommen auf unseren Webseiten! Wir sind ein Elektrotechnik Meisterbetrieb, hervorgegangen aus der\u00a0Elektro-Instandhaltung der Firma Vorwerk Autotec in Wuppertal. Seitdem sind wir im Hause Vorwerk ans\u00e4ssig. Wir planen, beraten und f\u00fchren Elektro-Installationsarbeiten f\u00fcr Sie aus: &#8230; und vieles mehr. \u00a0K\u00f6nnen wir Ihnen helfen? \u00a0 Wir sind gerne f\u00fcr Sie da. Rufen Sie &hellip; <a href=\"https:\/\/www.lutgen.de\/wp\/\" class=\"more-link\"><span class=\"screen-reader-text\">Home<\/span> weiterlesen <span class=\"meta-nav\">&rarr;<\/span><\/a><\/p>\n","protected":false},"author":1,"featured_media":0,"parent":0,"menu_order":10,"comment_status":"closed","ping_status":"open","template":"","meta":{"footnotes":""},"class_list":["post-2","page","type-page","status-publish","hentry"],"_links":{"self":[{"href":"https:\/\/www.lutgen.de\/wp\/index.php?rest_route=\/wp\/v2\/pages\/2","targetHints":{"allow":["GET"]}}],"collection":[{"href":"https:\/\/www.lutgen.de\/wp\/index.php?rest_route=\/wp\/v2\/pages"}],"about":[{"href":"https:\/\/www.lutgen.de\/wp\/index.php?rest_route=\/wp\/v2\/types\/page"}],"author":[{"embeddable":true,"href":"https:\/\/www.lutgen.de\/wp\/index.php?rest_route=\/wp\/v2\/users\/1"}],"replies":[{"embeddable":true,"href":"https:\/\/www.lutgen.de\/wp\/index.php?rest_route=%2Fwp%2Fv2%2Fcomments&post=2"}],"version-history":[{"count":59,"href":"https:\/\/www.lutgen.de\/wp\/index.php?rest_route=\/wp\/v2\/pages\/2\/revisions"}],"predecessor-version":[{"id":194,"href":"https:\/\/www.lutgen.de\/wp\/index.php?rest_route=\/wp\/v2\/pages\/2\/revisions\/194"}],"wp:attachment":[{"href":"https:\/\/www.lutgen.de\/wp\/index.php?rest_route=%2Fwp%2Fv2%2Fmedia&parent=2"}],"curies":[{"name":"wp","href":"https:\/\/api.w.org\/{rel}","templated":true}]}}